{"id":8,"date":"2019-04-12T18:26:00","date_gmt":"2019-04-12T18:26:00","guid":{"rendered":"http:\/\/www.arpadi.ro\/?page_id=8"},"modified":"2019-04-14T07:29:55","modified_gmt":"2019-04-14T07:29:55","slug":"home","status":"publish","type":"page","link":"http:\/\/www.arpadi.ro\/","title":{"rendered":"Home"},"content":{"rendered":"\n<p><\/p>\n\n\n<p style=\"text-align: center;\"><img loading=\"lazy\" class=\"alignnone  wp-image-153\" src=\"http:\/\/www.arpadi.ro\/wp-content\/uploads\/2019\/04\/ciuline-1-300x155.jpg\" alt=\"\" width=\"762\" height=\"394\" srcset=\"http:\/\/www.arpadi.ro\/wp-content\/uploads\/2019\/04\/ciuline-1-300x155.jpg 300w, http:\/\/www.arpadi.ro\/wp-content\/uploads\/2019\/04\/ciuline-1-768x398.jpg 768w, http:\/\/www.arpadi.ro\/wp-content\/uploads\/2019\/04\/ciuline-1.jpg 1024w\" sizes=\"(max-width: 762px) 100vw, 762px\" \/><span style=\"color: #3366ff;\"><em><strong>&#8220;\u00cen spinii de-aci, arat\u0103-te, Doamne, s\u0103 \u015ftiu ce-a\u015ftep\u0163i de la mine.&#8221;\u00a0 <span style=\"color: #808080;\">Lucian Blaga &#8211; Psalm<\/span><\/strong><\/em><\/span><\/p>\n\n\n<p><\/p>\n","protected":false},"excerpt":{"rendered":"<p>&#8220;\u00cen spinii de-aci, arat\u0103-te, Doamne, s\u0103 \u015ftiu ce-a\u015ftep\u0163i de la mine.&#8221;\u00a0 Lucian Blaga &#8211; Psalm<\/p>\n","protected":false},"author":1,"featured_media":0,"parent":0,"menu_order":0,"comment_status":"closed","ping_status":"closed","template":"","meta":[],"_links":{"self":[{"href":"http:\/\/www.arpadi.ro\/index.php\/wp-json\/wp\/v2\/pages\/8"}],"collection":[{"href":"http:\/\/www.arpadi.ro\/index.php\/wp-json\/wp\/v2\/pages"}],"about":[{"href":"http:\/\/www.arpadi.ro\/index.php\/wp-json\/wp\/v2\/types\/page"}],"author":[{"embeddable":true,"href":"http:\/\/www.arpadi.ro\/index.php\/wp-json\/wp\/v2\/users\/1"}],"replies":[{"embeddable":true,"href":"http:\/\/www.arpadi.ro\/index.php\/wp-json\/wp\/v2\/comments?post=8"}],"version-history":[{"count":22,"href":"http:\/\/www.arpadi.ro\/index.php\/wp-json\/wp\/v2\/pages\/8\/revisions"}],"predecessor-version":[{"id":159,"href":"http:\/\/www.arpadi.ro\/index.php\/wp-json\/wp\/v2\/pages\/8\/revisions\/159"}],"wp:attachment":[{"href":"http:\/\/www.arpadi.ro\/index.php\/wp-json\/wp\/v2\/media?parent=8"}],"curies":[{"name":"wp","href":"https:\/\/api.w.org\/{rel}","templated":true}]}}