{"id":9,"date":"2019-04-12T18:26:00","date_gmt":"2019-04-12T18:26:00","guid":{"rendered":"http:\/\/www.arpadi.ro\/?page_id=9"},"modified":"2019-04-13T19:50:45","modified_gmt":"2019-04-13T19:50:45","slug":"about","status":"publish","type":"page","link":"http:\/\/www.arpadi.ro\/index.php\/about\/","title":{"rendered":"About"},"content":{"rendered":"\n<div class=\"wp-block-image\"><figure class=\"aligncenter is-resized\"><img loading=\"lazy\" src=\"http:\/\/www.arpadi.ro\/wp-content\/uploads\/2019\/04\/07_arta_90_2_copy3.jpg\" alt=\"\" class=\"wp-image-111\" width=\"765\" height=\"405\" srcset=\"http:\/\/www.arpadi.ro\/wp-content\/uploads\/2019\/04\/07_arta_90_2_copy3.jpg 590w, http:\/\/www.arpadi.ro\/wp-content\/uploads\/2019\/04\/07_arta_90_2_copy3-300x159.jpg 300w\" sizes=\"(max-width: 765px) 100vw, 765px\" \/><\/figure><\/div>\n\n\n\n<p>  <em> \u00a0\u201dDin complexitatea memoriei se nasc bog\u0103\u021biile noastre. Purt\u0103m \u00een noi posibilit\u0103\u021bile noastre, precum mun\u021bii din Carara poart\u0103 \u00een ei viitoarele statui. Noi suntem o lume de posibilit\u0103\u021bi, din care hazardul, adic\u0103 dezordinea extern\u0103, cheam\u0103 concretul. Din \u00eent\u00e2lnirea a dou\u0103 mari dezordine, cea extern\u0103, a naturii, \u0219i cea intern\u0103, a noastr\u0103, ne na\u0219tem mereu. \u00cen aceast\u0103 devenire, \u00een aceast\u0103 continu\u0103 schimbare, noi c\u0103ut\u0103m a stabili legi, a codifica timpul, a preciza raporturi \u00eentre incomensurabilit\u0103\u021bi, a organiza spa\u021biul, sunetul \u0219i culoarea, noi c\u0103ut\u0103m cu disperare permanen\u021be \u00een v\u00e2rtejul ame\u021bitor al alter\u0103rilor, ne \u00eenchipuim o ve\u0219nicie, care nu-\u0219i g\u0103se\u0219te loc \u00een nici o ecua\u021bie, \u0219i ne m\u00e2ng\u00e2iem cu aparentele caden\u021be ale naturii, care reface mereu acelea\u0219i forme, f\u0103r\u0103 a ne da seama c\u0103 \u0219i aceste repeti\u021bii au un termen \u0219i o degradare \u0219i c\u0103 din florile care au r\u0103s\u0103rit la \u00eenceputul luminii nu mai \u00eenflore\u0219te nici una.\u201d\u00a0 \u00a0 \u00a0      <\/em> <br><em>G.M. Cantacuzino &#8211; Scrisori c\u0103tre Simon<\/em> <\/p>\n","protected":false},"excerpt":{"rendered":"<p>\u00a0\u201dDin complexitatea memoriei se nasc bog\u0103\u021biile noastre. Purt\u0103m \u00een noi posibilit\u0103\u021bile noastre, precum mun\u021bii din Carara poart\u0103 \u00een ei viitoarele statui. Noi suntem o lume de posibilit\u0103\u021bi, din care hazardul, adic\u0103 dezordinea extern\u0103, cheam\u0103 concretul. Din \u00eent\u00e2lnirea a dou\u0103 mari dezordine, cea extern\u0103, a naturii, \u0219i cea intern\u0103, a noastr\u0103, ne na\u0219tem mereu. \u00cen aceast\u0103&hellip;<\/p>\n","protected":false},"author":1,"featured_media":0,"parent":0,"menu_order":0,"comment_status":"closed","ping_status":"closed","template":"","meta":[],"_links":{"self":[{"href":"http:\/\/www.arpadi.ro\/index.php\/wp-json\/wp\/v2\/pages\/9"}],"collection":[{"href":"http:\/\/www.arpadi.ro\/index.php\/wp-json\/wp\/v2\/pages"}],"about":[{"href":"http:\/\/www.arpadi.ro\/index.php\/wp-json\/wp\/v2\/types\/page"}],"author":[{"embeddable":true,"href":"http:\/\/www.arpadi.ro\/index.php\/wp-json\/wp\/v2\/users\/1"}],"replies":[{"embeddable":true,"href":"http:\/\/www.arpadi.ro\/index.php\/wp-json\/wp\/v2\/comments?post=9"}],"version-history":[{"count":13,"href":"http:\/\/www.arpadi.ro\/index.php\/wp-json\/wp\/v2\/pages\/9\/revisions"}],"predecessor-version":[{"id":126,"href":"http:\/\/www.arpadi.ro\/index.php\/wp-json\/wp\/v2\/pages\/9\/revisions\/126"}],"wp:attachment":[{"href":"http:\/\/www.arpadi.ro\/index.php\/wp-json\/wp\/v2\/media?parent=9"}],"curies":[{"name":"wp","href":"https:\/\/api.w.org\/{rel}","templated":true}]}}